{"id":26,"date":"2025-04-15T16:26:46","date_gmt":"2025-04-15T16:26:46","guid":{"rendered":"https:\/\/royalmedic.purple-rabbit-69950.zap.cloud\/?page_id=26"},"modified":"2025-04-15T17:31:58","modified_gmt":"2025-04-15T17:31:58","slug":"dr-artus-kaiser","status":"publish","type":"page","link":"https:\/\/royalmedic.purple-rabbit-69950.zap.cloud\/?page_id=26","title":{"rendered":"Dr. Artus Kaiser"},"content":{"rendered":"\n\n\n<p>Artus Kaiser ist am .&#8211;.2025 aus Europa, genau genommen aus Wien, in <a href=\"http:\/\/Southport\">Southport<\/a> eingeflogen. Er hat dort seinen ersten Einsatz als <a href=\"http:\/\/Sanit\u00e4ter\">Sanit\u00e4ter<\/a> gehabt und ist bald zum <a href=\"http:\/\/Notfallsanit\u00e4ter\">Notfallsanit\u00e4ter<\/a> aufgestiegen.<\/p>\n\n\n\n<p>Durch mehrere Dienste, bei denen er sein K\u00f6nnen bewiesen hat, wurde er am 09.04.2025 um 22:00 Uhr von <a href=\"https:\/\/royalmedic.purple-rabbit-69950.zap.cloud\/?page_id=12\">Chefarzt<\/a> <a href=\"https:\/\/royalmedic.purple-rabbit-69950.zap.cloud\/?page_id=11\">Prof. Dr. Jayjay Kaiser<\/a> zum <a href=\"https:\/\/royalmedic.purple-rabbit-69950.zap.cloud\/?page_id=28\">Einsatzleiter<\/a> oder Field Supervisor bef\u00f6rdert.<\/p>\n\n\n\n<p><strong>Weitere Fakten<\/strong><\/p>\n\n\n\n<p>Er ist der Mann von <a href=\"https:\/\/royalmedic.purple-rabbit-69950.zap.cloud\/?page_id=11\">Prof. Dr. Jayjay Kaiser<\/a>.<\/p>\n\n\n\n<p><\/p>\n","protected":false},"excerpt":{"rendered":"<p>Artus Kaiser ist am .&#8211;.2025 aus Europa, genau genommen aus Wien, in Southport eingeflogen. Er hat dort seinen ersten Einsatz als Sanit\u00e4ter gehabt und ist bald zum Notfallsanit\u00e4ter aufgestiegen. Durch mehrere Dienste, bei denen er sein K\u00f6nnen bewiesen hat, wurde er am 09.04.2025 um 22:00 Uhr von Chefarzt Prof. Dr. Jayjay Kaiser zum Einsatzleiter oder [&hellip;]<\/p>\n","protected":false},"author":1,"featured_media":0,"parent":0,"menu_order":0,"comment_status":"closed","ping_status":"closed","template":"","meta":{"footnotes":""},"class_list":["post-26","page","type-page","status-publish","hentry"],"_links":{"self":[{"href":"https:\/\/royalmedic.purple-rabbit-69950.zap.cloud\/index.php?rest_route=\/wp\/v2\/pages\/26","targetHints":{"allow":["GET"]}}],"collection":[{"href":"https:\/\/royalmedic.purple-rabbit-69950.zap.cloud\/index.php?rest_route=\/wp\/v2\/pages"}],"about":[{"href":"https:\/\/royalmedic.purple-rabbit-69950.zap.cloud\/index.php?rest_route=\/wp\/v2\/types\/page"}],"author":[{"embeddable":true,"href":"https:\/\/royalmedic.purple-rabbit-69950.zap.cloud\/index.php?rest_route=\/wp\/v2\/users\/1"}],"replies":[{"embeddable":true,"href":"https:\/\/royalmedic.purple-rabbit-69950.zap.cloud\/index.php?rest_route=%2Fwp%2Fv2%2Fcomments&post=26"}],"version-history":[{"count":5,"href":"https:\/\/royalmedic.purple-rabbit-69950.zap.cloud\/index.php?rest_route=\/wp\/v2\/pages\/26\/revisions"}],"predecessor-version":[{"id":95,"href":"https:\/\/royalmedic.purple-rabbit-69950.zap.cloud\/index.php?rest_route=\/wp\/v2\/pages\/26\/revisions\/95"}],"wp:attachment":[{"href":"https:\/\/royalmedic.purple-rabbit-69950.zap.cloud\/index.php?rest_route=%2Fwp%2Fv2%2Fmedia&parent=26"}],"curies":[{"name":"wp","href":"https:\/\/api.w.org\/{rel}","templated":true}]}}