{"id":28,"date":"2025-04-15T15:17:18","date_gmt":"2025-04-15T15:17:18","guid":{"rendered":"https:\/\/royalmedic.purple-rabbit-69950.zap.cloud\/?page_id=28"},"modified":"2025-04-15T15:34:20","modified_gmt":"2025-04-15T15:34:20","slug":"einsatzleiter","status":"publish","type":"page","link":"https:\/\/royalmedic.purple-rabbit-69950.zap.cloud\/?page_id=28","title":{"rendered":"Einsatzleiter"},"content":{"rendered":"\n<p class=\"has-base-color has-text-color has-link-color has-medium-font-size wp-elements-ce5b1d0b7c607776a07d85c2bda685d6\">auch <strong>Field Supervisor (FISU)<\/strong><\/p>\n\n\n\n<div class=\"wp-block-group has-global-padding is-layout-constrained wp-block-group-is-layout-constrained\">\n<p>Du leitest gr\u00f6\u00dfere Eins\u00e4tze und organisierst den reibungslosen Ablauf.<\/p>\n\n\n\n<p class=\"has-link-color wp-elements-9d11155c05b0a5d3d23ec137f9733959\">Im <a href=\"https:\/\/royalmedic.purple-rabbit-69950.zap.cloud\/?page_id=30\">Funk<\/a>:<\/p>\n\n\n\n<ul class=\"wp-block-list\">\n<li>EL-.  #f\u00fcr den Punkt wird eine Zahl von 1-9 eingesetzt.<\/li>\n<\/ul>\n\n\n\n<p><\/p>\n<\/div>\n\n\n\n<p>Derzeitige Einsatzleiter:<\/p>\n\n\n\n<ol class=\"wp-block-list\">\n<li class=\"has-accent-color has-text-color has-link-color wp-elements-306e271c0f6588e13f3af03cb8fc11f7\"><a href=\"https:\/\/royalmedic.purple-rabbit-69950.zap.cloud\/?page_id=27\">Oberarzt<\/a> <a href=\"https:\/\/royalmedic.purple-rabbit-69950.zap.cloud\/?page_id=26\">Dr. Artus Kaiser<\/a><\/li>\n\n\n\n<li class=\"has-accent-color has-text-color has-link-color wp-elements-cdbc891dc5ae68be0bbc1fd3b1b2f911\"><a href=\"https:\/\/royalmedic.purple-rabbit-69950.zap.cloud\/?page_id=27\">Oberarzt<\/a> <a href=\"https:\/\/royalmedic.purple-rabbit-69950.zap.cloud\/?page_id=33\">Dr. Hans Schubert<\/a><\/li>\n<\/ol>\n\n\n\n<p><\/p>\n","protected":false},"excerpt":{"rendered":"<p>auch Field Supervisor (FISU) Du leitest gr\u00f6\u00dfere Eins\u00e4tze und organisierst den reibungslosen Ablauf. Im Funk: Derzeitige Einsatzleiter:<\/p>\n","protected":false},"author":1,"featured_media":0,"parent":0,"menu_order":0,"comment_status":"closed","ping_status":"closed","template":"","meta":{"footnotes":""},"class_list":["post-28","page","type-page","status-publish","hentry"],"_links":{"self":[{"href":"https:\/\/royalmedic.purple-rabbit-69950.zap.cloud\/index.php?rest_route=\/wp\/v2\/pages\/28","targetHints":{"allow":["GET"]}}],"collection":[{"href":"https:\/\/royalmedic.purple-rabbit-69950.zap.cloud\/index.php?rest_route=\/wp\/v2\/pages"}],"about":[{"href":"https:\/\/royalmedic.purple-rabbit-69950.zap.cloud\/index.php?rest_route=\/wp\/v2\/types\/page"}],"author":[{"embeddable":true,"href":"https:\/\/royalmedic.purple-rabbit-69950.zap.cloud\/index.php?rest_route=\/wp\/v2\/users\/1"}],"replies":[{"embeddable":true,"href":"https:\/\/royalmedic.purple-rabbit-69950.zap.cloud\/index.php?rest_route=%2Fwp%2Fv2%2Fcomments&post=28"}],"version-history":[{"count":8,"href":"https:\/\/royalmedic.purple-rabbit-69950.zap.cloud\/index.php?rest_route=\/wp\/v2\/pages\/28\/revisions"}],"predecessor-version":[{"id":57,"href":"https:\/\/royalmedic.purple-rabbit-69950.zap.cloud\/index.php?rest_route=\/wp\/v2\/pages\/28\/revisions\/57"}],"wp:attachment":[{"href":"https:\/\/royalmedic.purple-rabbit-69950.zap.cloud\/index.php?rest_route=%2Fwp%2Fv2%2Fmedia&parent=28"}],"curies":[{"name":"wp","href":"https:\/\/api.w.org\/{rel}","templated":true}]}}